{"id":2154,"date":"2023-07-08T16:51:17","date_gmt":"2023-07-08T14:51:17","guid":{"rendered":"https:\/\/lejardindepaul.org\/?page_id=2154"},"modified":"2023-07-08T17:05:36","modified_gmt":"2023-07-08T15:05:36","slug":"mention-legales","status":"publish","type":"page","link":"https:\/\/lejardindepaul.org\/index.php\/mention-legales\/","title":{"rendered":"Mentions l\u00e9gales"},"content":{"rendered":"\t\t<div data-elementor-type=\"wp-page\" data-elementor-id=\"2154\" class=\"elementor elementor-2154\">\n\t\t\t\t\t\t\t\t\t<section class=\"elementor-section elementor-top-section elementor-element elementor-element-29fb260 elementor-section-boxed elementor-section-height-default elementor-section-height-default\" data-id=\"29fb260\" data-element_type=\"section\">\n\t\t\t\t\t\t<div class=\"elementor-container elementor-column-gap-no\">\n\t\t\t\t\t<div class=\"elementor-column elementor-col-100 elementor-top-column elementor-element elementor-element-599a715\" data-id=\"599a715\" data-element_type=\"column\">\n\t\t\t<div class=\"elementor-widget-wrap elementor-element-populated\">\n\t\t\t\t\t\t\t\t\t<\/div>\n\t\t<\/div>\n\t\t\t\t\t\t\t<\/div>\n\t\t<\/section>\n\t\t\t\t<section class=\"elementor-section elementor-top-section elementor-element elementor-element-9a22c57 elementor-section-boxed elementor-section-height-default elementor-section-height-default\" data-id=\"9a22c57\" data-element_type=\"section\">\n\t\t\t\t\t\t<div class=\"elementor-container elementor-column-gap-default\">\n\t\t\t\t\t<div class=\"elementor-column elementor-col-100 elementor-top-column elementor-element elementor-element-1f1f77e\" data-id=\"1f1f77e\" data-element_type=\"column\">\n\t\t\t<div class=\"elementor-widget-wrap elementor-element-populated\">\n\t\t\t\t\t\t\t\t<div class=\"elementor-element elementor-element-5bac71b elementor-widget elementor-widget-heading\" data-id=\"5bac71b\" data-element_type=\"widget\" data-widget_type=\"heading.default\">\n\t\t\t\t<div class=\"elementor-widget-container\">\n\t\t\t<style>\/*! elementor - v3.16.0 - 14-09-2023 *\/\n.elementor-heading-title{padding:0;margin:0;line-height:1}.elementor-widget-heading .elementor-heading-title[class*=elementor-size-]>a{color:inherit;font-size:inherit;line-height:inherit}.elementor-widget-heading .elementor-heading-title.elementor-size-small{font-size:15px}.elementor-widget-heading .elementor-heading-title.elementor-size-medium{font-size:19px}.elementor-widget-heading .elementor-heading-title.elementor-size-large{font-size:29px}.elementor-widget-heading .elementor-heading-title.elementor-size-xl{font-size:39px}.elementor-widget-heading .elementor-heading-title.elementor-size-xxl{font-size:59px}<\/style><h2 class=\"elementor-heading-title elementor-size-default\">Mentions l\u00e9gales<\/h2>\t\t<\/div>\n\t\t\t\t<\/div>\n\t\t\t\t<div class=\"elementor-element elementor-element-2333dec elementor-widget elementor-widget-text-editor\" data-id=\"2333dec\" data-element_type=\"widget\" data-widget_type=\"text-editor.default\">\n\t\t\t\t<div class=\"elementor-widget-container\">\n\t\t\t<style>\/*! elementor - v3.16.0 - 14-09-2023 *\/\n.elementor-widget-text-editor.elementor-drop-cap-view-stacked .elementor-drop-cap{background-color:#69727d;color:#fff}.elementor-widget-text-editor.elementor-drop-cap-view-framed .elementor-drop-cap{color:#69727d;border:3px solid;background-color:transparent}.elementor-widget-text-editor:not(.elementor-drop-cap-view-default) .elementor-drop-cap{margin-top:8px}.elementor-widget-text-editor:not(.elementor-drop-cap-view-default) .elementor-drop-cap-letter{width:1em;height:1em}.elementor-widget-text-editor .elementor-drop-cap{float:left;text-align:center;line-height:1;font-size:50px}.elementor-widget-text-editor .elementor-drop-cap-letter{display:inline-block}<\/style>\t\t\t\t<p><strong>DENOMINATION :<\/strong> Le Jardin de Paul<\/p><p><strong>FORME JURIDIQUE :<\/strong> Loi 1901<\/p><p><strong>NUMERO SIREN :<\/strong> 923 199 012<\/p><p><strong>NUMERO SIRET :<\/strong> 923 199 012\/00017<\/p><p><strong>SIEGE SOCIAL :<\/strong> 72 chemin de la source &#8211; 06130 GRASSE<\/p><p><strong>ADRESSE ELECTRONIQUE :<\/strong> info@lejardindepaul.org<\/p><p><strong>EDITEUR DU SITE :<\/strong> Le Jardin de Paul &#8211; 72 chemin de la Source (06130 &#8211; GRASSE)<\/p><p><strong>Courriel :<\/strong> info@lejardindepaul.org<\/p><p><strong>DIRECTEUR DE LA PUBLICATION :<\/strong> Sylvie Goguely &#8211; Pr\u00e9sidente de l&#8217;association<\/p><p><strong>ADRESSE DU DIRECTEUR DE LA PUBLICATION :<\/strong> 72 chemin de la Source (06130 &#8211; GRASSE) sylvie.goguely@lejardindepaul.org<\/p>\t\t\t\t\t\t<\/div>\n\t\t\t\t<\/div>\n\t\t\t\t\t<\/div>\n\t\t<\/div>\n\t\t\t\t\t\t\t<\/div>\n\t\t<\/section>\n\t\t\t\t<section class=\"elementor-section elementor-top-section elementor-element elementor-element-1b66762 elementor-section-boxed elementor-section-height-default elementor-section-height-default\" data-id=\"1b66762\" data-element_type=\"section\">\n\t\t\t\t\t\t<div class=\"elementor-container elementor-column-gap-default\">\n\t\t\t\t\t<div class=\"elementor-column elementor-col-100 elementor-top-column elementor-element elementor-element-5d25ee8\" data-id=\"5d25ee8\" data-element_type=\"column\">\n\t\t\t<div class=\"elementor-widget-wrap elementor-element-populated\">\n\t\t\t\t\t\t\t\t<div class=\"elementor-element elementor-element-560cfc2 elementor-widget elementor-widget-heading\" data-id=\"560cfc2\" data-element_type=\"widget\" data-widget_type=\"heading.default\">\n\t\t\t\t<div class=\"elementor-widget-container\">\n\t\t\t<h2 class=\"elementor-heading-title elementor-size-default\">H\u00e9bergement du site<\/h2>\t\t<\/div>\n\t\t\t\t<\/div>\n\t\t\t\t<div class=\"elementor-element elementor-element-bedaa56 elementor-widget elementor-widget-text-editor\" data-id=\"bedaa56\" data-element_type=\"widget\" data-widget_type=\"text-editor.default\">\n\t\t\t\t<div class=\"elementor-widget-container\">\n\t\t\t\t\t\t\t<p><strong>OVH SAS<\/strong> au capital de 10 174 560 \u20ac<\/p><p>RCS Lille M\u00e9tropole 424 761 419 00045<br \/>Code APE 2620Z<br \/>N\u00b0 TVA : FR 22 424 761 419<br \/>Si\u00e8ge social : 2 rue Kellermann &#8211; 59100 Roubaix &#8211; France<\/p>\t\t\t\t\t\t<\/div>\n\t\t\t\t<\/div>\n\t\t\t\t\t<\/div>\n\t\t<\/div>\n\t\t\t\t\t\t\t<\/div>\n\t\t<\/section>\n\t\t\t\t<section class=\"elementor-section elementor-top-section elementor-element elementor-element-b31f4a6 elementor-section-boxed elementor-section-height-default elementor-section-height-default\" data-id=\"b31f4a6\" data-element_type=\"section\">\n\t\t\t\t\t\t<div class=\"elementor-container elementor-column-gap-default\">\n\t\t\t\t\t<div class=\"elementor-column elementor-col-100 elementor-top-column elementor-element elementor-element-f3550af\" data-id=\"f3550af\" data-element_type=\"column\">\n\t\t\t<div class=\"elementor-widget-wrap elementor-element-populated\">\n\t\t\t\t\t\t\t\t<div class=\"elementor-element elementor-element-5b13083 elementor-widget elementor-widget-heading\" data-id=\"5b13083\" data-element_type=\"widget\" data-widget_type=\"heading.default\">\n\t\t\t\t<div class=\"elementor-widget-container\">\n\t\t\t<h2 class=\"elementor-heading-title elementor-size-default\">Donn\u00e9es personnelles<\/h2>\t\t<\/div>\n\t\t\t\t<\/div>\n\t\t\t\t<div class=\"elementor-element elementor-element-3d38e92 elementor-widget elementor-widget-text-editor\" data-id=\"3d38e92\" data-element_type=\"widget\" data-widget_type=\"text-editor.default\">\n\t\t\t\t<div class=\"elementor-widget-container\">\n\t\t\t\t\t\t\t<p>Conform\u00e9ment \u00e0 la Loi Informatique et Libert\u00e9s du 6 janvier 1978 et au R\u00e8glement G\u00e9n\u00e9ral de protection des donn\u00e9es (RGPD) vous b\u00e9n\u00e9ficiez d\u2019un droit d\u2019acc\u00e8s, de modification et d\u2019opposition aux donn\u00e9es vous concernant. Vous pouvez exercer ces droits en nous contactant par courriel ou par courrier \u00e0 l\u2019adresse indiqu\u00e9e ci-dessus. Vous pouvez \u00e9galement introduire une r\u00e9clamation aupr\u00e8s de la CNIL.<\/p><p>Les informations recueillies via les formulaires de contact sont destin\u00e9es \u00e0 \u00eatre conserv\u00e9es \u00e0 des fins de gestion internes pour vous informer, r\u00e9pondre \u00e0 vos demandes ou faire appel \u00e0 vos dons.<\/p><p>Si vous avez laiss\u00e9 des commentaires sur notre site ou rempli un formulaire de contact, vous pouvez demander \u00e0 recevoir un fichier contenant toutes les donn\u00e9es personnelles que nous poss\u00e9dons \u00e0 votre sujet, incluant celles que vous nous avez fournies.<\/p><p>Vos donn\u00e9es personnelles seront conserv\u00e9es pendant la dur\u00e9e strictement n\u00e9cessaire \u00e0 la r\u00e9alisation des projets de notre association.<\/p>\t\t\t\t\t\t<\/div>\n\t\t\t\t<\/div>\n\t\t\t\t\t<\/div>\n\t\t<\/div>\n\t\t\t\t\t\t\t<\/div>\n\t\t<\/section>\n\t\t\t\t\t\t\t<\/div>\n\t\t","protected":false},"excerpt":{"rendered":"<p>Mentions l\u00e9gales DENOMINATION : Le Jardin de Paul FORME JURIDIQUE : Loi 1901 NUMERO SIREN : 923 199 012 NUMERO SIRET : 923 199 012\/00017 SIEGE SOCIAL : 72 chemin de la source &#8211; 06130 GRASSE ADRESSE ELECTRONIQUE : info@lejardindepaul.org EDITEUR DU SITE : Le Jardin de Paul &#8211; 72 chemin de la Source (06130 &hellip;<\/p>\n<p class=\"read-more\"> <a class=\"\" href=\"https:\/\/lejardindepaul.org\/index.php\/mention-legales\/\"> <span class=\"screen-reader-text\">Mentions l\u00e9gales<\/span> Read More &raquo;<\/a><\/p>\n","protected":false},"author":1,"featured_media":0,"parent":0,"menu_order":0,"comment_status":"closed","ping_status":"closed","template":"","meta":{"site-sidebar-layout":"no-sidebar","site-content-layout":"page-builder","ast-site-content-layout":"","site-content-style":"default","site-sidebar-style":"default","ast-global-header-display":"","ast-banner-title-visibility":"","ast-main-header-display":"","ast-hfb-above-header-display":"","ast-hfb-below-header-display":"","ast-hfb-mobile-header-display":"","site-post-title":"disabled","ast-breadcrumbs-content":"","ast-featured-img":"disabled","footer-sml-layout":"","theme-transparent-header-meta":"","adv-header-id-meta":"","stick-header-meta":"","header-above-stick-meta":"","header-main-stick-meta":"","header-below-stick-meta":"","astra-migrate-meta-layouts":"","footnotes":""},"class_list":["post-2154","page","type-page","status-publish","hentry"],"_links":{"self":[{"href":"https:\/\/lejardindepaul.org\/index.php\/wp-json\/wp\/v2\/pages\/2154","targetHints":{"allow":["GET"]}}],"collection":[{"href":"https:\/\/lejardindepaul.org\/index.php\/wp-json\/wp\/v2\/pages"}],"about":[{"href":"https:\/\/lejardindepaul.org\/index.php\/wp-json\/wp\/v2\/types\/page"}],"author":[{"embeddable":true,"href":"https:\/\/lejardindepaul.org\/index.php\/wp-json\/wp\/v2\/users\/1"}],"replies":[{"embeddable":true,"href":"https:\/\/lejardindepaul.org\/index.php\/wp-json\/wp\/v2\/comments?post=2154"}],"version-history":[{"count":8,"href":"https:\/\/lejardindepaul.org\/index.php\/wp-json\/wp\/v2\/pages\/2154\/revisions"}],"predecessor-version":[{"id":2171,"href":"https:\/\/lejardindepaul.org\/index.php\/wp-json\/wp\/v2\/pages\/2154\/revisions\/2171"}],"wp:attachment":[{"href":"https:\/\/lejardindepaul.org\/index.php\/wp-json\/wp\/v2\/media?parent=2154"}],"curies":[{"name":"wp","href":"https:\/\/api.w.org\/{rel}","templated":true}]}}