{"id":2449,"date":"2023-09-15T23:01:30","date_gmt":"2023-09-15T21:01:30","guid":{"rendered":"https:\/\/lejardindepaul.org\/?page_id=2449"},"modified":"2023-09-16T12:55:11","modified_gmt":"2023-09-16T10:55:11","slug":"voyage-vietnam-2023","status":"publish","type":"page","link":"https:\/\/lejardindepaul.org\/index.php\/nos-evenements\/voyage-vietnam-2023\/","title":{"rendered":"Voyage Vietnam 2023"},"content":{"rendered":"\t\t<div data-elementor-type=\"wp-page\" data-elementor-id=\"2449\" class=\"elementor elementor-2449\">\n\t\t\t\t\t\t\t\t\t<section class=\"elementor-section elementor-top-section elementor-element elementor-element-a9dbf37 elementor-section-boxed elementor-section-height-default elementor-section-height-default\" data-id=\"a9dbf37\" data-element_type=\"section\">\n\t\t\t\t\t\t<div class=\"elementor-container elementor-column-gap-no\">\n\t\t\t\t\t<div class=\"elementor-column elementor-col-100 elementor-top-column elementor-element elementor-element-c1c1c39\" data-id=\"c1c1c39\" data-element_type=\"column\">\n\t\t\t<div class=\"elementor-widget-wrap elementor-element-populated\">\n\t\t\t\t\t\t\t\t<div class=\"elementor-element elementor-element-378788b elementor-widget elementor-widget-heading\" data-id=\"378788b\" data-element_type=\"widget\" data-widget_type=\"heading.default\">\n\t\t\t\t<div class=\"elementor-widget-container\">\n\t\t\t<style>\/*! elementor - v3.16.0 - 14-09-2023 *\/\n.elementor-heading-title{padding:0;margin:0;line-height:1}.elementor-widget-heading .elementor-heading-title[class*=elementor-size-]>a{color:inherit;font-size:inherit;line-height:inherit}.elementor-widget-heading .elementor-heading-title.elementor-size-small{font-size:15px}.elementor-widget-heading .elementor-heading-title.elementor-size-medium{font-size:19px}.elementor-widget-heading .elementor-heading-title.elementor-size-large{font-size:29px}.elementor-widget-heading .elementor-heading-title.elementor-size-xl{font-size:39px}.elementor-widget-heading .elementor-heading-title.elementor-size-xxl{font-size:59px}<\/style><h2 class=\"elementor-heading-title elementor-size-xl\">Juillet 2023 - Voyage au Vietnam<\/h2>\t\t<\/div>\n\t\t\t\t<\/div>\n\t\t\t\t\t<\/div>\n\t\t<\/div>\n\t\t\t\t\t\t\t<\/div>\n\t\t<\/section>\n\t\t\t\t<section class=\"elementor-section elementor-top-section elementor-element elementor-element-868bb02 elementor-section-boxed elementor-section-height-default elementor-section-height-default\" data-id=\"868bb02\" data-element_type=\"section\" data-settings=\"{&quot;background_background&quot;:&quot;classic&quot;}\">\n\t\t\t\t\t\t<div class=\"elementor-container elementor-column-gap-wider\">\n\t\t\t\t\t<div class=\"elementor-column elementor-col-66 elementor-top-column elementor-element elementor-element-24d2e18\" data-id=\"24d2e18\" data-element_type=\"column\">\n\t\t\t<div class=\"elementor-widget-wrap elementor-element-populated\">\n\t\t\t\t\t\t\t\t<div class=\"elementor-element elementor-element-d92146f elementor-widget elementor-widget-heading\" data-id=\"d92146f\" data-element_type=\"widget\" data-widget_type=\"heading.default\">\n\t\t\t\t<div class=\"elementor-widget-container\">\n\t\t\t<h2 class=\"elementor-heading-title elementor-size-xl\">Rencontre avec les enfants<\/h2>\t\t<\/div>\n\t\t\t\t<\/div>\n\t\t\t\t<div class=\"elementor-element elementor-element-8a8af6e elementor-widget elementor-widget-text-editor\" data-id=\"8a8af6e\" data-element_type=\"widget\" data-widget_type=\"text-editor.default\">\n\t\t\t\t<div class=\"elementor-widget-container\">\n\t\t\t<style>\/*! elementor - v3.16.0 - 14-09-2023 *\/\n.elementor-widget-text-editor.elementor-drop-cap-view-stacked .elementor-drop-cap{background-color:#69727d;color:#fff}.elementor-widget-text-editor.elementor-drop-cap-view-framed .elementor-drop-cap{color:#69727d;border:3px solid;background-color:transparent}.elementor-widget-text-editor:not(.elementor-drop-cap-view-default) .elementor-drop-cap{margin-top:8px}.elementor-widget-text-editor:not(.elementor-drop-cap-view-default) .elementor-drop-cap-letter{width:1em;height:1em}.elementor-widget-text-editor .elementor-drop-cap{float:left;text-align:center;line-height:1;font-size:50px}.elementor-widget-text-editor .elementor-drop-cap-letter{display:inline-block}<\/style>\t\t\t\t<p>Apr\u00e8s 16 heures de vol et une nuit \u00e0 H\u00f4 Chi Minh, nous \u00e9tions impatients de retrouver les enfants du Lac Da Mi que nous avions soutenus l&#8217;ann\u00e9e derni\u00e8re sans pouvoir les rencontrer.<\/p><p>Pour arriver \u00e0 notre destination, les routes d&#8217;acc\u00e8s \u00e9taient difficiles et encombr\u00e9es.<\/p>\t\t\t\t\t\t<\/div>\n\t\t\t\t<\/div>\n\t\t\t\t\t<\/div>\n\t\t<\/div>\n\t\t\t\t<div class=\"elementor-column elementor-col-33 elementor-top-column elementor-element elementor-element-b1fb95c\" data-id=\"b1fb95c\" data-element_type=\"column\">\n\t\t\t<div class=\"elementor-widget-wrap elementor-element-populated\">\n\t\t\t\t\t\t\t\t<div class=\"elementor-element elementor-element-566ac0d elementor-widget__width-auto elementor-widget elementor-widget-image\" data-id=\"566ac0d\" data-element_type=\"widget\" data-widget_type=\"image.default\">\n\t\t\t\t<div class=\"elementor-widget-container\">\n\t\t\t<style>\/*! elementor - v3.16.0 - 14-09-2023 *\/\n.elementor-widget-image{text-align:center}.elementor-widget-image a{display:inline-block}.elementor-widget-image a img[src$=\".svg\"]{width:48px}.elementor-widget-image img{vertical-align:middle;display:inline-block}<\/style>\t\t\t\t\t\t\t\t\t\t\t\t<img loading=\"lazy\" decoding=\"async\" width=\"640\" height=\"384\" src=\"https:\/\/lejardindepaul.org\/wp-content\/uploads\/2023\/09\/IMG_0142.jpeg\" class=\"attachment-full size-full wp-image-2461\" alt=\"\" srcset=\"https:\/\/lejardindepaul.org\/wp-content\/uploads\/2023\/09\/IMG_0142.jpeg 640w, https:\/\/lejardindepaul.org\/wp-content\/uploads\/2023\/09\/IMG_0142-300x180.jpeg 300w\" sizes=\"auto, (max-width: 640px) 100vw, 640px\" \/>\t\t\t\t\t\t\t\t\t\t\t\t\t\t\t<\/div>\n\t\t\t\t<\/div>\n\t\t\t\t\t<\/div>\n\t\t<\/div>\n\t\t\t\t\t\t\t<\/div>\n\t\t<\/section>\n\t\t\t\t<section class=\"elementor-section elementor-top-section elementor-element elementor-element-fcfd32e elementor-section-boxed elementor-section-height-default elementor-section-height-default\" data-id=\"fcfd32e\" data-element_type=\"section\" data-settings=\"{&quot;background_background&quot;:&quot;classic&quot;}\">\n\t\t\t\t\t\t<div class=\"elementor-container elementor-column-gap-wider\">\n\t\t\t\t\t<div class=\"elementor-column elementor-col-66 elementor-top-column elementor-element elementor-element-1720ac6\" data-id=\"1720ac6\" data-element_type=\"column\">\n\t\t\t<div class=\"elementor-widget-wrap elementor-element-populated\">\n\t\t\t\t\t\t\t\t<div class=\"elementor-element elementor-element-9d919b4 elementor-widget__width-auto elementor-widget elementor-widget-image\" data-id=\"9d919b4\" data-element_type=\"widget\" data-widget_type=\"image.default\">\n\t\t\t\t<div class=\"elementor-widget-container\">\n\t\t\t\t\t\t\t\t\t\t\t\t\t\t\t<img loading=\"lazy\" decoding=\"async\" width=\"640\" height=\"360\" src=\"https:\/\/lejardindepaul.org\/wp-content\/uploads\/2023\/09\/IMG_0161.jpeg\" class=\"attachment-full size-full wp-image-2462\" alt=\"\" srcset=\"https:\/\/lejardindepaul.org\/wp-content\/uploads\/2023\/09\/IMG_0161.jpeg 640w, https:\/\/lejardindepaul.org\/wp-content\/uploads\/2023\/09\/IMG_0161-300x169.jpeg 300w\" sizes=\"auto, (max-width: 640px) 100vw, 640px\" \/>\t\t\t\t\t\t\t\t\t\t\t\t\t\t\t<\/div>\n\t\t\t\t<\/div>\n\t\t\t\t\t<\/div>\n\t\t<\/div>\n\t\t\t\t<div class=\"elementor-column elementor-col-33 elementor-top-column elementor-element elementor-element-17c04cd\" data-id=\"17c04cd\" data-element_type=\"column\">\n\t\t\t<div class=\"elementor-widget-wrap elementor-element-populated\">\n\t\t\t\t\t\t\t\t<div class=\"elementor-element elementor-element-5460dd7 elementor-widget elementor-widget-heading\" data-id=\"5460dd7\" data-element_type=\"widget\" data-widget_type=\"heading.default\">\n\t\t\t\t<div class=\"elementor-widget-container\">\n\t\t\t<h2 class=\"elementor-heading-title elementor-size-xl\">La paroisse du P\u00e8re Pierre<\/h2>\t\t<\/div>\n\t\t\t\t<\/div>\n\t\t\t\t<div class=\"elementor-element elementor-element-290866d elementor-widget elementor-widget-text-editor\" data-id=\"290866d\" data-element_type=\"widget\" data-widget_type=\"text-editor.default\">\n\t\t\t\t<div class=\"elementor-widget-container\">\n\t\t\t\t\t\t\t<p>Le P\u00e8re Pierre avait organis\u00e9 notre et notre rencontre avec les enfants dans les locaux de sa paroisse \u00e0 Daguri.<\/p><p>Chaque enfant nous attendait avec autant de curiosit\u00e9 que de gait\u00e9 : il s&#8217;agissait pour tous d&#8217;un \u00e9v\u00e9nement important.<\/p><p>Notre traductrice a tr\u00e8s vite facilit\u00e9 nos contacts avec les enfants, nous permettant ainsi d&#8217;\u00e9changer quelques mots avec chacun d&#8217;entre eux.<\/p>\t\t\t\t\t\t<\/div>\n\t\t\t\t<\/div>\n\t\t\t\t\t<\/div>\n\t\t<\/div>\n\t\t\t\t\t\t\t<\/div>\n\t\t<\/section>\n\t\t\t\t<section class=\"elementor-section elementor-top-section elementor-element elementor-element-16fcd50 elementor-section-boxed elementor-section-height-default elementor-section-height-default\" data-id=\"16fcd50\" data-element_type=\"section\" data-settings=\"{&quot;background_background&quot;:&quot;classic&quot;}\">\n\t\t\t\t\t\t<div class=\"elementor-container elementor-column-gap-wider\">\n\t\t\t\t\t<div class=\"elementor-column elementor-col-66 elementor-top-column elementor-element elementor-element-ce40b7a\" data-id=\"ce40b7a\" data-element_type=\"column\">\n\t\t\t<div class=\"elementor-widget-wrap elementor-element-populated\">\n\t\t\t\t\t\t\t\t<div class=\"elementor-element elementor-element-57caf57 elementor-widget elementor-widget-heading\" data-id=\"57caf57\" data-element_type=\"widget\" data-widget_type=\"heading.default\">\n\t\t\t\t<div class=\"elementor-widget-container\">\n\t\t\t<h2 class=\"elementor-heading-title elementor-size-xl\">R\u00e9silients malgr\u00e9 les difficult\u00e9s<\/h2>\t\t<\/div>\n\t\t\t\t<\/div>\n\t\t\t\t<div class=\"elementor-element elementor-element-741ddd2 elementor-widget elementor-widget-text-editor\" data-id=\"741ddd2\" data-element_type=\"widget\" data-widget_type=\"text-editor.default\">\n\t\t\t\t<div class=\"elementor-widget-container\">\n\t\t\t\t\t\t\t<p>Nous avons partag\u00e9 un d\u00e9jeuner avec les enfants et le P\u00e8re Pierre qui nous a rapport\u00e9 toutes les difficult\u00e9s que rencontraient chacun d&#8217;entre eux. L&#8217;extr\u00eame pauvret\u00e9 des familles, souvent nombreuses, l&#8217;\u00e9loignement, l&#8217;absence de transports et les risques pour chaque enfant de devoir abandonner l&#8217;\u00e9cole pour aider ses parents et sa famille.<\/p><p>Ces difficult\u00e9s sont autant de risques de d\u00e9crochage et, pour chacun d&#8217;entre eux, notre soutien et notre pr\u00e9sence sur place \u00e9taient de nouvelles raisons de se sentir capable de construire un futur meilleur.<\/p>\t\t\t\t\t\t<\/div>\n\t\t\t\t<\/div>\n\t\t\t\t\t<\/div>\n\t\t<\/div>\n\t\t\t\t<div class=\"elementor-column elementor-col-33 elementor-top-column elementor-element elementor-element-3ad0b8c\" data-id=\"3ad0b8c\" data-element_type=\"column\">\n\t\t\t<div class=\"elementor-widget-wrap elementor-element-populated\">\n\t\t\t\t\t\t\t\t<div class=\"elementor-element elementor-element-8cf2a78 elementor-widget__width-auto elementor-widget elementor-widget-image\" data-id=\"8cf2a78\" data-element_type=\"widget\" data-widget_type=\"image.default\">\n\t\t\t\t<div class=\"elementor-widget-container\">\n\t\t\t\t\t\t\t\t\t\t\t\t\t\t\t<img loading=\"lazy\" decoding=\"async\" width=\"480\" height=\"600\" src=\"https:\/\/lejardindepaul.org\/wp-content\/uploads\/2023\/09\/IMG_0156.jpeg\" class=\"attachment-full size-full wp-image-2463\" alt=\"\" srcset=\"https:\/\/lejardindepaul.org\/wp-content\/uploads\/2023\/09\/IMG_0156.jpeg 480w, https:\/\/lejardindepaul.org\/wp-content\/uploads\/2023\/09\/IMG_0156-240x300.jpeg 240w\" sizes=\"auto, (max-width: 480px) 100vw, 480px\" \/>\t\t\t\t\t\t\t\t\t\t\t\t\t\t\t<\/div>\n\t\t\t\t<\/div>\n\t\t\t\t\t<\/div>\n\t\t<\/div>\n\t\t\t\t\t\t\t<\/div>\n\t\t<\/section>\n\t\t\t\t<section class=\"elementor-section elementor-top-section elementor-element elementor-element-8b2a8a0 elementor-section-boxed elementor-section-height-default elementor-section-height-default\" data-id=\"8b2a8a0\" data-element_type=\"section\" data-settings=\"{&quot;background_background&quot;:&quot;classic&quot;}\">\n\t\t\t\t\t\t<div class=\"elementor-container elementor-column-gap-wider\">\n\t\t\t\t\t<div class=\"elementor-column elementor-col-33 elementor-top-column elementor-element elementor-element-6d914b4\" data-id=\"6d914b4\" data-element_type=\"column\">\n\t\t\t<div class=\"elementor-widget-wrap elementor-element-populated\">\n\t\t\t\t\t\t\t\t<div class=\"elementor-element elementor-element-8659efe elementor-widget__width-auto elementor-widget elementor-widget-image\" data-id=\"8659efe\" data-element_type=\"widget\" data-widget_type=\"image.default\">\n\t\t\t\t<div class=\"elementor-widget-container\">\n\t\t\t\t\t\t\t\t\t\t\t\t\t\t\t<img loading=\"lazy\" decoding=\"async\" width=\"640\" height=\"480\" src=\"https:\/\/lejardindepaul.org\/wp-content\/uploads\/2023\/09\/IMG_0200.jpeg\" class=\"attachment-full size-full wp-image-2464\" alt=\"\" srcset=\"https:\/\/lejardindepaul.org\/wp-content\/uploads\/2023\/09\/IMG_0200.jpeg 640w, https:\/\/lejardindepaul.org\/wp-content\/uploads\/2023\/09\/IMG_0200-300x225.jpeg 300w, https:\/\/lejardindepaul.org\/wp-content\/uploads\/2023\/09\/elementor\/thumbs\/IMG_0200-qchr81tv6j6njffwt5wn2xgrrwjermxfoqkhmdcypk.jpeg 400w\" sizes=\"auto, (max-width: 640px) 100vw, 640px\" \/>\t\t\t\t\t\t\t\t\t\t\t\t\t\t\t<\/div>\n\t\t\t\t<\/div>\n\t\t\t\t\t<\/div>\n\t\t<\/div>\n\t\t\t\t<div class=\"elementor-column elementor-col-66 elementor-top-column elementor-element elementor-element-24498ce\" data-id=\"24498ce\" data-element_type=\"column\">\n\t\t\t<div class=\"elementor-widget-wrap elementor-element-populated\">\n\t\t\t\t\t\t\t\t<div class=\"elementor-element elementor-element-c1e0e0d elementor-widget elementor-widget-heading\" data-id=\"c1e0e0d\" data-element_type=\"widget\" data-widget_type=\"heading.default\">\n\t\t\t\t<div class=\"elementor-widget-container\">\n\t\t\t<h2 class=\"elementor-heading-title elementor-size-xl\">Les enfants de Marie<\/h2>\t\t<\/div>\n\t\t\t\t<\/div>\n\t\t\t\t<div class=\"elementor-element elementor-element-1b28954 elementor-widget elementor-widget-text-editor\" data-id=\"1b28954\" data-element_type=\"widget\" data-widget_type=\"text-editor.default\">\n\t\t\t\t<div class=\"elementor-widget-container\">\n\t\t\t\t\t\t\t<p>Notre voyage nous a \u00e9galement permis de retrouver Marie, s\u0153ur du P\u00e8re Paul et les vingt jeunes (dont trois \u00e9tudiants \u00e0 l&#8217;Universit\u00e9 d&#8217;H\u00f4 Chi Minh) que nous avions pu soutenir en 2022.<\/p><p>Marie avait organis\u00e9 un d\u00e9jeuner chez les parents du P\u00e8re Paul afin que nous puissions retrouver les enfants et \u00e9changer avec eux. Ce fut l&#8217;occasion de leur remettre les vingt bourses destin\u00e9es \u00e0 financer leur scolarit\u00e9 2023-2024 et de prendre l&#8217;engagement de poursuivre ce soutien l&#8217;ann\u00e9e suivante !<\/p>\t\t\t\t\t\t<\/div>\n\t\t\t\t<\/div>\n\t\t\t\t\t<\/div>\n\t\t<\/div>\n\t\t\t\t\t\t\t<\/div>\n\t\t<\/section>\n\t\t\t\t\t\t\t<\/div>\n\t\t","protected":false},"excerpt":{"rendered":"<p>Juillet 2023 &#8211; Voyage au Vietnam Rencontre avec les enfants Apr\u00e8s 16 heures de vol et une nuit \u00e0 H\u00f4 Chi Minh, nous \u00e9tions impatients de retrouver les enfants du Lac Da Mi que nous avions soutenus l&#8217;ann\u00e9e derni\u00e8re sans pouvoir les rencontrer. Pour arriver \u00e0 notre destination, les routes d&#8217;acc\u00e8s \u00e9taient difficiles et encombr\u00e9es. &hellip;<\/p>\n<p class=\"read-more\"> <a class=\"\" href=\"https:\/\/lejardindepaul.org\/index.php\/nos-evenements\/voyage-vietnam-2023\/\"> <span class=\"screen-reader-text\">Voyage Vietnam 2023<\/span> Read More &raquo;<\/a><\/p>\n","protected":false},"author":1,"featured_media":0,"parent":290,"menu_order":0,"comment_status":"closed","ping_status":"closed","template":"","meta":{"site-sidebar-layout":"no-sidebar","site-content-layout":"page-builder","ast-site-content-layout":"full-width-container","site-content-style":"default","site-sidebar-style":"default","ast-global-header-display":"","ast-banner-title-visibility":"","ast-main-header-display":"","ast-hfb-above-header-display":"","ast-hfb-below-header-display":"","ast-hfb-mobile-header-display":"","site-post-title":"disabled","ast-breadcrumbs-content":"","ast-featured-img":"disabled","footer-sml-layout":"","theme-transparent-header-meta":"","adv-header-id-meta":"","stick-header-meta":"","header-above-stick-meta":"","header-main-stick-meta":"","header-below-stick-meta":"","astra-migrate-meta-layouts":"set","footnotes":""},"class_list":["post-2449","page","type-page","status-publish","hentry"],"_links":{"self":[{"href":"https:\/\/lejardindepaul.org\/index.php\/wp-json\/wp\/v2\/pages\/2449","targetHints":{"allow":["GET"]}}],"collection":[{"href":"https:\/\/lejardindepaul.org\/index.php\/wp-json\/wp\/v2\/pages"}],"about":[{"href":"https:\/\/lejardindepaul.org\/index.php\/wp-json\/wp\/v2\/types\/page"}],"author":[{"embeddable":true,"href":"https:\/\/lejardindepaul.org\/index.php\/wp-json\/wp\/v2\/users\/1"}],"replies":[{"embeddable":true,"href":"https:\/\/lejardindepaul.org\/index.php\/wp-json\/wp\/v2\/comments?post=2449"}],"version-history":[{"count":8,"href":"https:\/\/lejardindepaul.org\/index.php\/wp-json\/wp\/v2\/pages\/2449\/revisions"}],"predecessor-version":[{"id":2467,"href":"https:\/\/lejardindepaul.org\/index.php\/wp-json\/wp\/v2\/pages\/2449\/revisions\/2467"}],"up":[{"embeddable":true,"href":"https:\/\/lejardindepaul.org\/index.php\/wp-json\/wp\/v2\/pages\/290"}],"wp:attachment":[{"href":"https:\/\/lejardindepaul.org\/index.php\/wp-json\/wp\/v2\/media?parent=2449"}],"curies":[{"name":"wp","href":"https:\/\/api.w.org\/{rel}","templated":true}]}}