{"id":290,"date":"2019-11-08T06:01:20","date_gmt":"2019-11-08T05:01:20","guid":{"rendered":"http:\/\/lejardindepaul.org\/index.php\/see-all-campaigns\/"},"modified":"2024-05-08T10:18:07","modified_gmt":"2024-05-08T08:18:07","slug":"nos-evenements","status":"publish","type":"page","link":"https:\/\/lejardindepaul.org\/index.php\/nos-evenements\/","title":{"rendered":"\u00c9v\u00e9nements"},"content":{"rendered":"\t\t<div data-elementor-type=\"wp-page\" data-elementor-id=\"290\" class=\"elementor elementor-290\">\n\t\t\t\t\t\t\t\t\t<section class=\"elementor-section elementor-top-section elementor-element elementor-element-c218b19 elementor-section-boxed elementor-section-height-default elementor-section-height-default\" data-id=\"c218b19\" data-element_type=\"section\">\n\t\t\t\t\t\t<div class=\"elementor-container elementor-column-gap-no\">\n\t\t\t\t\t<div class=\"elementor-column elementor-col-100 elementor-top-column elementor-element elementor-element-ac081a4\" data-id=\"ac081a4\" data-element_type=\"column\">\n\t\t\t<div class=\"elementor-widget-wrap elementor-element-populated\">\n\t\t\t\t\t\t\t\t<div class=\"elementor-element elementor-element-46e0585 elementor-widget elementor-widget-heading\" data-id=\"46e0585\" data-element_type=\"widget\" data-widget_type=\"heading.default\">\n\t\t\t\t<div class=\"elementor-widget-container\">\n\t\t\t<style>\/*! elementor - v3.16.0 - 14-09-2023 *\/\n.elementor-heading-title{padding:0;margin:0;line-height:1}.elementor-widget-heading .elementor-heading-title[class*=elementor-size-]>a{color:inherit;font-size:inherit;line-height:inherit}.elementor-widget-heading .elementor-heading-title.elementor-size-small{font-size:15px}.elementor-widget-heading .elementor-heading-title.elementor-size-medium{font-size:19px}.elementor-widget-heading .elementor-heading-title.elementor-size-large{font-size:29px}.elementor-widget-heading .elementor-heading-title.elementor-size-xl{font-size:39px}.elementor-widget-heading .elementor-heading-title.elementor-size-xxl{font-size:59px}<\/style><h2 class=\"elementor-heading-title elementor-size-xl\">\u00c9v\u00e9nements et actualit\u00e9s<\/h2>\t\t<\/div>\n\t\t\t\t<\/div>\n\t\t\t\t\t<\/div>\n\t\t<\/div>\n\t\t\t\t\t\t\t<\/div>\n\t\t<\/section>\n\t\t\t\t<section class=\"elementor-section elementor-top-section elementor-element elementor-element-1e9527f elementor-section-boxed elementor-section-height-default elementor-section-height-default\" data-id=\"1e9527f\" data-element_type=\"section\">\n\t\t\t\t\t\t<div class=\"elementor-container elementor-column-gap-no\">\n\t\t\t\t\t<div class=\"elementor-column elementor-col-100 elementor-top-column elementor-element elementor-element-17e4679\" data-id=\"17e4679\" data-element_type=\"column\">\n\t\t\t<div class=\"elementor-widget-wrap elementor-element-populated\">\n\t\t\t\t\t\t\t\t<div class=\"elementor-element elementor-element-6c4584c elementor-widget elementor-widget-heading\" data-id=\"6c4584c\" data-element_type=\"widget\" data-widget_type=\"heading.default\">\n\t\t\t\t<div class=\"elementor-widget-container\">\n\t\t\t<h2 class=\"elementor-heading-title elementor-size-xl\">Nos \u00e9v\u00e9nements \u00e0 venir<\/h2>\t\t<\/div>\n\t\t\t\t<\/div>\n\t\t\t\t\t<\/div>\n\t\t<\/div>\n\t\t\t\t\t\t\t<\/div>\n\t\t<\/section>\n\t\t\t\t<section class=\"elementor-section elementor-top-section elementor-element elementor-element-c6d8025 elementor-section-boxed elementor-section-height-default elementor-section-height-default\" data-id=\"c6d8025\" data-element_type=\"section\">\n\t\t\t\t\t\t<div class=\"elementor-container elementor-column-gap-default\">\n\t\t\t\t\t<div class=\"elementor-column elementor-col-100 elementor-top-column elementor-element elementor-element-668b2c3\" data-id=\"668b2c3\" data-element_type=\"column\">\n\t\t\t<div class=\"elementor-widget-wrap elementor-element-populated\">\n\t\t\t\t\t\t\t\t<div class=\"elementor-element elementor-element-a1fcbcd elementor-widget elementor-widget-image\" data-id=\"a1fcbcd\" data-element_type=\"widget\" data-widget_type=\"image.default\">\n\t\t\t\t<div class=\"elementor-widget-container\">\n\t\t\t<style>\/*! elementor - v3.16.0 - 14-09-2023 *\/\n.elementor-widget-image{text-align:center}.elementor-widget-image a{display:inline-block}.elementor-widget-image a img[src$=\".svg\"]{width:48px}.elementor-widget-image img{vertical-align:middle;display:inline-block}<\/style>\t\t\t\t\t\t\t\t\t\t\t\t<img loading=\"lazy\" decoding=\"async\" width=\"640\" height=\"427\" src=\"https:\/\/lejardindepaul.org\/wp-content\/uploads\/2023\/09\/DSC08211.jpeg\" class=\"attachment-full size-full wp-image-2429\" alt=\"\" srcset=\"https:\/\/lejardindepaul.org\/wp-content\/uploads\/2023\/09\/DSC08211.jpeg 640w, https:\/\/lejardindepaul.org\/wp-content\/uploads\/2023\/09\/DSC08211-300x200.jpeg 300w, https:\/\/lejardindepaul.org\/wp-content\/uploads\/2023\/09\/elementor\/thumbs\/DSC08211-qc70ai49u88xu51ctjwaibp5cx9iqvrf7prr9h4tyi.jpeg 600w\" sizes=\"auto, (max-width: 640px) 100vw, 640px\" \/>\t\t\t\t\t\t\t\t\t\t\t\t\t\t\t<\/div>\n\t\t\t\t<\/div>\n\t\t\t\t<div class=\"elementor-element elementor-element-47ec48d elementor-widget elementor-widget-heading\" data-id=\"47ec48d\" data-element_type=\"widget\" data-widget_type=\"heading.default\">\n\t\t\t\t<div class=\"elementor-widget-container\">\n\t\t\t<h3 class=\"elementor-heading-title elementor-size-default\">Campagne de dons 2024-2025<\/h3>\t\t<\/div>\n\t\t\t\t<\/div>\n\t\t\t\t<div class=\"elementor-element elementor-element-39fa414 elementor-widget elementor-widget-text-editor\" data-id=\"39fa414\" data-element_type=\"widget\" data-widget_type=\"text-editor.default\">\n\t\t\t\t<div class=\"elementor-widget-container\">\n\t\t\t<style>\/*! elementor - v3.16.0 - 14-09-2023 *\/\n.elementor-widget-text-editor.elementor-drop-cap-view-stacked .elementor-drop-cap{background-color:#69727d;color:#fff}.elementor-widget-text-editor.elementor-drop-cap-view-framed .elementor-drop-cap{color:#69727d;border:3px solid;background-color:transparent}.elementor-widget-text-editor:not(.elementor-drop-cap-view-default) .elementor-drop-cap{margin-top:8px}.elementor-widget-text-editor:not(.elementor-drop-cap-view-default) .elementor-drop-cap-letter{width:1em;height:1em}.elementor-widget-text-editor .elementor-drop-cap{float:left;text-align:center;line-height:1;font-size:50px}.elementor-widget-text-editor .elementor-drop-cap-letter{display:inline-block}<\/style>\t\t\t\t<p>Nous avons pu financer la scolarit\u00e9 2023-2024 de 35 enfants. A la suite de notre voyage en juillet 2023, nous nous sommes fix\u00e9s pour objectif d&#8217;assurer la scolarit\u00e9 2024-2025 de 50 enfants. La campagne de dons est donc ouverte, facilit\u00e9e par notre partenaire HelloAsso !<\/p>\t\t\t\t\t\t<\/div>\n\t\t\t\t<\/div>\n\t\t\t\t\t<\/div>\n\t\t<\/div>\n\t\t\t\t\t\t\t<\/div>\n\t\t<\/section>\n\t\t\t\t<section class=\"elementor-section elementor-top-section elementor-element elementor-element-2aa44f9 elementor-section-boxed elementor-section-height-default elementor-section-height-default\" data-id=\"2aa44f9\" data-element_type=\"section\">\n\t\t\t\t\t\t<div class=\"elementor-container elementor-column-gap-no\">\n\t\t\t\t\t<div class=\"elementor-column elementor-col-100 elementor-top-column elementor-element elementor-element-5b1442a\" data-id=\"5b1442a\" data-element_type=\"column\">\n\t\t\t<div class=\"elementor-widget-wrap elementor-element-populated\">\n\t\t\t\t\t\t\t\t<div class=\"elementor-element elementor-element-246480a elementor-widget elementor-widget-heading\" data-id=\"246480a\" data-element_type=\"widget\" data-widget_type=\"heading.default\">\n\t\t\t\t<div class=\"elementor-widget-container\">\n\t\t\t<h2 class=\"elementor-heading-title elementor-size-xl\">Nos \u00e9v\u00e9nements pass\u00e9s<\/h2>\t\t<\/div>\n\t\t\t\t<\/div>\n\t\t\t\t\t<\/div>\n\t\t<\/div>\n\t\t\t\t\t\t\t<\/div>\n\t\t<\/section>\n\t\t\t\t<section class=\"elementor-section elementor-top-section elementor-element elementor-element-418efdc elementor-section-boxed elementor-section-height-default elementor-section-height-default\" data-id=\"418efdc\" data-element_type=\"section\">\n\t\t\t\t\t\t<div class=\"elementor-container elementor-column-gap-default\">\n\t\t\t\t\t<div class=\"elementor-column elementor-col-33 elementor-top-column elementor-element elementor-element-0546875\" data-id=\"0546875\" data-element_type=\"column\">\n\t\t\t<div class=\"elementor-widget-wrap elementor-element-populated\">\n\t\t\t\t\t\t\t\t<div class=\"elementor-element elementor-element-e5a6f87 elementor-widget elementor-widget-image\" data-id=\"e5a6f87\" data-element_type=\"widget\" data-widget_type=\"image.default\">\n\t\t\t\t<div class=\"elementor-widget-container\">\n\t\t\t\t\t\t\t\t\t\t\t\t\t\t\t<img loading=\"lazy\" decoding=\"async\" width=\"300\" height=\"240\" src=\"https:\/\/lejardindepaul.org\/wp-content\/uploads\/2024\/05\/IMG_3610.jpeg\" class=\"attachment-medium size-medium wp-image-2524\" alt=\"\" \/>\t\t\t\t\t\t\t\t\t\t\t\t\t\t\t<\/div>\n\t\t\t\t<\/div>\n\t\t\t\t\t<\/div>\n\t\t<\/div>\n\t\t\t\t<div class=\"elementor-column elementor-col-33 elementor-top-column elementor-element elementor-element-fa1d491\" data-id=\"fa1d491\" data-element_type=\"column\">\n\t\t\t<div class=\"elementor-widget-wrap elementor-element-populated\">\n\t\t\t\t\t\t\t\t<div class=\"elementor-element elementor-element-ab07e70 elementor-widget elementor-widget-image\" data-id=\"ab07e70\" data-element_type=\"widget\" data-widget_type=\"image.default\">\n\t\t\t\t<div class=\"elementor-widget-container\">\n\t\t\t\t\t\t\t\t\t\t\t\t\t\t\t<img loading=\"lazy\" decoding=\"async\" width=\"240\" height=\"241\" src=\"https:\/\/lejardindepaul.org\/wp-content\/uploads\/2024\/05\/IMG_3620-1.jpeg\" class=\"attachment-medium size-medium wp-image-2528\" alt=\"\" srcset=\"https:\/\/lejardindepaul.org\/wp-content\/uploads\/2024\/05\/IMG_3620-1.jpeg 240w, https:\/\/lejardindepaul.org\/wp-content\/uploads\/2024\/05\/IMG_3620-1-150x150.jpeg 150w\" sizes=\"auto, (max-width: 240px) 100vw, 240px\" \/>\t\t\t\t\t\t\t\t\t\t\t\t\t\t\t<\/div>\n\t\t\t\t<\/div>\n\t\t\t\t\t<\/div>\n\t\t<\/div>\n\t\t\t\t<div class=\"elementor-column elementor-col-33 elementor-top-column elementor-element elementor-element-394831f\" data-id=\"394831f\" data-element_type=\"column\">\n\t\t\t<div class=\"elementor-widget-wrap elementor-element-populated\">\n\t\t\t\t\t\t\t\t<div class=\"elementor-element elementor-element-a131462 elementor-widget elementor-widget-image\" data-id=\"a131462\" data-element_type=\"widget\" data-widget_type=\"image.default\">\n\t\t\t\t<div class=\"elementor-widget-container\">\n\t\t\t\t\t\t\t\t\t\t\t\t\t\t\t<img loading=\"lazy\" decoding=\"async\" width=\"409\" height=\"240\" src=\"https:\/\/lejardindepaul.org\/wp-content\/uploads\/2024\/05\/IMG_3627.png\" class=\"attachment-full size-full wp-image-2530\" alt=\"\" srcset=\"https:\/\/lejardindepaul.org\/wp-content\/uploads\/2024\/05\/IMG_3627.png 409w, https:\/\/lejardindepaul.org\/wp-content\/uploads\/2024\/05\/IMG_3627-300x176.png 300w\" sizes=\"auto, (max-width: 409px) 100vw, 409px\" \/>\t\t\t\t\t\t\t\t\t\t\t\t\t\t\t<\/div>\n\t\t\t\t<\/div>\n\t\t\t\t\t<\/div>\n\t\t<\/div>\n\t\t\t\t\t\t\t<\/div>\n\t\t<\/section>\n\t\t\t\t<section class=\"elementor-section elementor-top-section elementor-element elementor-element-afe18be elementor-section-boxed elementor-section-height-default elementor-section-height-default\" data-id=\"afe18be\" data-element_type=\"section\">\n\t\t\t\t\t\t<div class=\"elementor-container elementor-column-gap-default\">\n\t\t\t\t\t<div class=\"elementor-column elementor-col-100 elementor-top-column elementor-element elementor-element-3a6ea47\" data-id=\"3a6ea47\" data-element_type=\"column\">\n\t\t\t<div class=\"elementor-widget-wrap elementor-element-populated\">\n\t\t\t\t\t\t\t\t<div class=\"elementor-element elementor-element-531bb15 elementor-widget elementor-widget-heading\" data-id=\"531bb15\" data-element_type=\"widget\" data-widget_type=\"heading.default\">\n\t\t\t\t<div class=\"elementor-widget-container\">\n\t\t\t<h3 class=\"elementor-heading-title elementor-size-default\">Mai 2024 - F\u00eate agricole du Brusc<\/h3>\t\t<\/div>\n\t\t\t\t<\/div>\n\t\t\t\t<div class=\"elementor-element elementor-element-3a332f9 elementor-widget elementor-widget-text-editor\" data-id=\"3a332f9\" data-element_type=\"widget\" data-widget_type=\"text-editor.default\">\n\t\t\t\t<div class=\"elementor-widget-container\">\n\t\t\t\t\t\t\t<p>Pour la seconde ann\u00e9e, le Jardin de Paul \u00e9tait pr\u00e9sent \u00e0 la F\u00eate Agricole du Brusc. 2000 \u20ac ont pu \u00eatre r\u00e9colt\u00e9s gr\u00e2ce \u00e0 la vente des nems du P\u00e8re Paul (un grand succ\u00e8s) et vos adh\u00e9sions. Merci pour votre confiance et votre soutien !<\/p>\t\t\t\t\t\t<\/div>\n\t\t\t\t<\/div>\n\t\t\t\t\t<\/div>\n\t\t<\/div>\n\t\t\t\t\t\t\t<\/div>\n\t\t<\/section>\n\t\t\t\t<section class=\"elementor-section elementor-top-section elementor-element elementor-element-f0b2bf6 elementor-section-boxed elementor-section-height-default elementor-section-height-default\" data-id=\"f0b2bf6\" data-element_type=\"section\">\n\t\t\t\t\t\t<div class=\"elementor-container elementor-column-gap-default\">\n\t\t\t\t\t<div class=\"elementor-column elementor-col-50 elementor-top-column elementor-element elementor-element-af6234c\" data-id=\"af6234c\" data-element_type=\"column\">\n\t\t\t<div class=\"elementor-widget-wrap elementor-element-populated\">\n\t\t\t\t\t\t\t\t<div class=\"elementor-element elementor-element-6e60786 elementor-widget elementor-widget-image\" data-id=\"6e60786\" data-element_type=\"widget\" data-widget_type=\"image.default\">\n\t\t\t\t<div class=\"elementor-widget-container\">\n\t\t\t\t\t\t\t\t\t\t\t\t\t\t\t<img decoding=\"async\" src=\"https:\/\/lejardindepaul.org\/wp-content\/uploads\/elementor\/thumbs\/IMG_0125-qc6zpbsykgm7dwvyzv9lcc07oh2a159w924ybetj40.jpeg\" title=\"IMG_0125\" alt=\"Enfants de Pierre\" loading=\"lazy\" \/>\t\t\t\t\t\t\t\t\t\t\t\t\t\t\t<\/div>\n\t\t\t\t<\/div>\n\t\t\t\t<div class=\"elementor-element elementor-element-4603870 elementor-widget elementor-widget-heading\" data-id=\"4603870\" data-element_type=\"widget\" data-widget_type=\"heading.default\">\n\t\t\t\t<div class=\"elementor-widget-container\">\n\t\t\t<h3 class=\"elementor-heading-title elementor-size-default\">D\u00e9cembre 2023 - Huile du sourire<\/h3>\t\t<\/div>\n\t\t\t\t<\/div>\n\t\t\t\t<div class=\"elementor-element elementor-element-c6fa3fd elementor-widget elementor-widget-text-editor\" data-id=\"c6fa3fd\" data-element_type=\"widget\" data-widget_type=\"text-editor.default\">\n\t\t\t\t<div class=\"elementor-widget-container\">\n\t\t\t\t\t\t\t<p>La campagne de don de l&#8217;huile du sourire a d\u00e9pass\u00e9 toutes nos attentes.<br>Nous sommes en rupture de stock jusqu\u2019\u00e0 l\u2019ann\u00e9e prochaine. Votre g\u00e9n\u00e9rosit\u00e9 nous permet de financer la totalit\u00e9 des scolarit\u00e9s pour 35 enfants. Avec tous nos remerciements pour votre soutien et votre confiance.<\/p>\t\t\t\t\t\t<\/div>\n\t\t\t\t<\/div>\n\t\t\t\t\t<\/div>\n\t\t<\/div>\n\t\t\t\t<div class=\"elementor-column elementor-col-50 elementor-top-column elementor-element elementor-element-2dbea75\" data-id=\"2dbea75\" data-element_type=\"column\">\n\t\t\t<div class=\"elementor-widget-wrap elementor-element-populated\">\n\t\t\t\t\t\t\t\t<div class=\"elementor-element elementor-element-7757793 elementor-widget elementor-widget-image\" data-id=\"7757793\" data-element_type=\"widget\" data-widget_type=\"image.default\">\n\t\t\t\t<div class=\"elementor-widget-container\">\n\t\t\t\t\t\t\t\t\t\t\t\t\t\t\t\t<a href=\"https:\/\/lejardindepaul.org\/index.php\/voyage-vietnam-2023\/\">\n\t\t\t\t\t\t\t<img loading=\"lazy\" decoding=\"async\" width=\"640\" height=\"427\" src=\"https:\/\/lejardindepaul.org\/wp-content\/uploads\/2023\/09\/DSC08157.jpeg\" class=\"attachment-full size-full wp-image-2421\" alt=\"\" srcset=\"https:\/\/lejardindepaul.org\/wp-content\/uploads\/2023\/09\/DSC08157.jpeg 640w, https:\/\/lejardindepaul.org\/wp-content\/uploads\/2023\/09\/DSC08157-300x200.jpeg 300w\" sizes=\"auto, (max-width: 640px) 100vw, 640px\" \/>\t\t\t\t\t\t\t\t<\/a>\n\t\t\t\t\t\t\t\t\t\t\t\t\t\t\t<\/div>\n\t\t\t\t<\/div>\n\t\t\t\t<div class=\"elementor-element elementor-element-d52f151 elementor-widget elementor-widget-heading\" data-id=\"d52f151\" data-element_type=\"widget\" data-widget_type=\"heading.default\">\n\t\t\t\t<div class=\"elementor-widget-container\">\n\t\t\t<h3 class=\"elementor-heading-title elementor-size-default\"><a href=\"https:\/\/lejardindepaul.org\/index.php\/voyage-vietnam-2023\/\">Juillet 2023 - Voyage au Vietnam<\/a><\/h3>\t\t<\/div>\n\t\t\t\t<\/div>\n\t\t\t\t<div class=\"elementor-element elementor-element-ba4c663 elementor-widget elementor-widget-text-editor\" data-id=\"ba4c663\" data-element_type=\"widget\" data-widget_type=\"text-editor.default\">\n\t\t\t\t<div class=\"elementor-widget-container\">\n\t\t\t\t\t\t\t<p>Le Jardin de Paul a pu se rendre cet \u00e9t\u00e9 au Vietnam. Nous avons rencontr\u00e9 les enfants du lac Da Mi que nous avons soutenus l&#8217;ann\u00e9e derni\u00e8re afin de faire, pour chacun d&#8217;eux, le bilan sur l&#8217;ann\u00e9e scolaire \u00e9coul\u00e9e et pr\u00e9parer la prochaine rentr\u00e9e scolaire.<\/p><p>Chaque membre du Conseil d&#8217;administration a financ\u00e9 son voyage.<\/p><p>Vous pouvez retrouvez les d\u00e9tails en suivant ce <a href=\"https:\/\/lejardindepaul.org\/index.php\/voyage-vietnam-2023\/\">lien<\/a> !<\/p>\t\t\t\t\t\t<\/div>\n\t\t\t\t<\/div>\n\t\t\t\t\t<\/div>\n\t\t<\/div>\n\t\t\t\t\t\t\t<\/div>\n\t\t<\/section>\n\t\t\t\t<section class=\"elementor-section elementor-top-section elementor-element elementor-element-5a3b0cd elementor-section-boxed elementor-section-height-default elementor-section-height-default\" data-id=\"5a3b0cd\" data-element_type=\"section\">\n\t\t\t\t\t\t<div class=\"elementor-container elementor-column-gap-default\">\n\t\t\t\t\t<div class=\"elementor-column elementor-col-50 elementor-top-column elementor-element elementor-element-e297270\" data-id=\"e297270\" data-element_type=\"column\">\n\t\t\t<div class=\"elementor-widget-wrap elementor-element-populated\">\n\t\t\t\t\t\t\t\t<div class=\"elementor-element elementor-element-59df54d elementor-widget elementor-widget-image\" data-id=\"59df54d\" data-element_type=\"widget\" data-widget_type=\"image.default\">\n\t\t\t\t<div class=\"elementor-widget-container\">\n\t\t\t\t\t\t\t\t\t\t\t\t\t\t\t<img decoding=\"async\" src=\"https:\/\/lejardindepaul.org\/wp-content\/uploads\/elementor\/thumbs\/fetedubrusc-scaled-q7iadxyxpofci6iz628egs8oxrjo7drz0p0bu1gko0.jpg\" title=\"F\u00eate agricole du Brusc\" alt=\"F\u00eate agricole du Brusc\" loading=\"lazy\" \/>\t\t\t\t\t\t\t\t\t\t\t\t\t\t\t<\/div>\n\t\t\t\t<\/div>\n\t\t\t\t<div class=\"elementor-element elementor-element-5aa015c elementor-widget elementor-widget-heading\" data-id=\"5aa015c\" data-element_type=\"widget\" data-widget_type=\"heading.default\">\n\t\t\t\t<div class=\"elementor-widget-container\">\n\t\t\t<h3 class=\"elementor-heading-title elementor-size-default\">Mai 2023 - F\u00eate agricole du Brusc<\/h3>\t\t<\/div>\n\t\t\t\t<\/div>\n\t\t\t\t<div class=\"elementor-element elementor-element-9ee735c elementor-widget elementor-widget-text-editor\" data-id=\"9ee735c\" data-element_type=\"widget\" data-widget_type=\"text-editor.default\">\n\t\t\t\t<div class=\"elementor-widget-container\">\n\t\t\t\t\t\t\t<p>Vente de nems pr\u00e9par\u00e9s par le p\u00e8re Paul afin de financer les enfants du Jardin de Paul.<\/p><p>1 000 \u20ac r\u00e9colt\u00e9s gr\u00e2ce \u00e0 votre participation, merci de votre soutien !<\/p>\t\t\t\t\t\t<\/div>\n\t\t\t\t<\/div>\n\t\t\t\t\t<\/div>\n\t\t<\/div>\n\t\t\t\t<div class=\"elementor-column elementor-col-50 elementor-top-column elementor-element elementor-element-c5b42a2\" data-id=\"c5b42a2\" data-element_type=\"column\">\n\t\t\t<div class=\"elementor-widget-wrap elementor-element-populated\">\n\t\t\t\t\t\t\t\t<div class=\"elementor-element elementor-element-1b78a68 elementor-widget elementor-widget-image\" data-id=\"1b78a68\" data-element_type=\"widget\" data-widget_type=\"image.default\">\n\t\t\t\t<div class=\"elementor-widget-container\">\n\t\t\t\t\t\t\t\t\t\t\t\t\t\t\t<img decoding=\"async\" src=\"https:\/\/lejardindepaul.org\/wp-content\/uploads\/elementor\/thumbs\/children-school-laughing-602967-q43enhi8zl2vsgifcg2x93bbn8huq6mc8bcop1mqow.jpg\" title=\"children-school-laughing-602967\" alt=\"children, school, laughing-602967.jpg\" loading=\"lazy\" \/>\t\t\t\t\t\t\t\t\t\t\t\t\t\t\t<\/div>\n\t\t\t\t<\/div>\n\t\t\t\t<div class=\"elementor-element elementor-element-4e30676 elementor-widget elementor-widget-heading\" data-id=\"4e30676\" data-element_type=\"widget\" data-widget_type=\"heading.default\">\n\t\t\t\t<div class=\"elementor-widget-container\">\n\t\t\t<h3 class=\"elementor-heading-title elementor-size-default\">Soutien scolaire 2022<\/h3>\t\t<\/div>\n\t\t\t\t<\/div>\n\t\t\t\t<div class=\"elementor-element elementor-element-efd340f elementor-widget elementor-widget-text-editor\" data-id=\"efd340f\" data-element_type=\"widget\" data-widget_type=\"text-editor.default\">\n\t\t\t\t<div class=\"elementor-widget-container\">\n\t\t\t\t\t\t\t<p>Premi\u00e8re action du Jardin de Paul au Vietnam.<\/p><p>Soutien et aide \u00e0 la scolarit\u00e9 de dix enfants de la r\u00e9gion de Da Mi<\/p>\t\t\t\t\t\t<\/div>\n\t\t\t\t<\/div>\n\t\t\t\t\t<\/div>\n\t\t<\/div>\n\t\t\t\t\t\t\t<\/div>\n\t\t<\/section>\n\t\t\t\t\t\t\t<\/div>\n\t\t","protected":false},"excerpt":{"rendered":"<p>\u00c9v\u00e9nements et actualit\u00e9s Nos \u00e9v\u00e9nements \u00e0 venir Campagne de dons 2024-2025 Nous avons pu financer la scolarit\u00e9 2023-2024 de 35 enfants. A la suite de notre voyage en juillet 2023, nous nous sommes fix\u00e9s pour objectif d&#8217;assurer la scolarit\u00e9 2024-2025 de 50 enfants. La campagne de dons est donc ouverte, facilit\u00e9e par notre partenaire HelloAsso &hellip;<\/p>\n<p class=\"read-more\"> <a class=\"\" href=\"https:\/\/lejardindepaul.org\/index.php\/nos-evenements\/\"> <span class=\"screen-reader-text\">\u00c9v\u00e9nements<\/span> Read More &raquo;<\/a><\/p>\n","protected":false},"author":1,"featured_media":0,"parent":0,"menu_order":0,"comment_status":"closed","ping_status":"closed","template":"","meta":{"site-sidebar-layout":"no-sidebar","site-content-layout":"page-builder","ast-site-content-layout":"","site-content-style":"default","site-sidebar-style":"default","ast-global-header-display":"","ast-banner-title-visibility":"","ast-main-header-display":"","ast-hfb-above-header-display":"","ast-hfb-below-header-display":"","ast-hfb-mobile-header-display":"","site-post-title":"disabled","ast-breadcrumbs-content":"","ast-featured-img":"disabled","footer-sml-layout":"","theme-transparent-header-meta":"default","adv-header-id-meta":"","stick-header-meta":"","header-above-stick-meta":"","header-main-stick-meta":"","header-below-stick-meta":"","astra-migrate-meta-layouts":"","footnotes":""},"class_list":["post-290","page","type-page","status-publish","hentry"],"_links":{"self":[{"href":"https:\/\/lejardindepaul.org\/index.php\/wp-json\/wp\/v2\/pages\/290","targetHints":{"allow":["GET"]}}],"collection":[{"href":"https:\/\/lejardindepaul.org\/index.php\/wp-json\/wp\/v2\/pages"}],"about":[{"href":"https:\/\/lejardindepaul.org\/index.php\/wp-json\/wp\/v2\/types\/page"}],"author":[{"embeddable":true,"href":"https:\/\/lejardindepaul.org\/index.php\/wp-json\/wp\/v2\/users\/1"}],"replies":[{"embeddable":true,"href":"https:\/\/lejardindepaul.org\/index.php\/wp-json\/wp\/v2\/comments?post=290"}],"version-history":[{"count":114,"href":"https:\/\/lejardindepaul.org\/index.php\/wp-json\/wp\/v2\/pages\/290\/revisions"}],"predecessor-version":[{"id":2533,"href":"https:\/\/lejardindepaul.org\/index.php\/wp-json\/wp\/v2\/pages\/290\/revisions\/2533"}],"wp:attachment":[{"href":"https:\/\/lejardindepaul.org\/index.php\/wp-json\/wp\/v2\/media?parent=290"}],"curies":[{"name":"wp","href":"https:\/\/api.w.org\/{rel}","templated":true}]}}